{"id":86,"date":"2025-12-29T14:38:20","date_gmt":"2025-12-29T13:38:20","guid":{"rendered":"https:\/\/onsalakliniken.se\/location\/"},"modified":"2026-02-02T10:09:50","modified_gmt":"2026-02-02T09:09:50","slug":"location","status":"publish","type":"page","link":"https:\/\/onsalakliniken.se\/en\/location\/","title":{"rendered":"Onsalakliniken"},"content":{"rendered":"\n<div class=\"wp-block-group alignwide hostinger-ai-our-location-2 hostinger-ai-fade-up has-global-padding is-layout-constrained wp-block-group-is-layout-constrained\" data-aos=\"fade-up\" style=\"padding-top:0;padding-bottom:0\">\n<div class=\"wp-block-group alignwide hostinger-ai-fade-up has-global-padding is-content-justification-left is-layout-constrained wp-container-core-group-is-layout-12dd3699 wp-block-group-is-layout-constrained\" data-aos=\"fade-up\">\n<div class=\"wp-block-columns alignwide is-layout-flex wp-container-core-columns-is-layout-28f84493 wp-block-columns-is-layout-flex\">\n<div class=\"wp-block-column our-location-column is-layout-flow wp-block-column-is-layout-flow\" style=\"flex-basis:33.33%\">\n<h2 class=\"wp-block-heading has-text-align-left hostinger-ai-title has-dark-color has-text-color has-link-color has-x-large-font-size wp-elements-666aa48728abd9a7665555e2e3fcafd8\" style=\"margin-top:0;margin-right:0;margin-bottom:var(--wp--preset--spacing--40);margin-left:0\">Kontakt<\/h2>\n\n\n\n<p class=\"has-text-align-left hostinger-ai-description has-medium-font-size\" style=\"margin-top:0;margin-bottom:var(--wp--preset--spacing--40)\"> <br>Du \u00e4r varmt v\u00e4lkommen att h\u00f6ra av dig om du har fr\u00e5gor eller vill boka tid.<\/p>\n\n\n\n<p class=\"has-text-align-left hostinger-ai-description has-medium-font-size\" style=\"margin-top:0;margin-bottom:var(--wp--preset--spacing--40)\">Jag svarar s\u00e5 fort jag kan.<\/p>\n\n\n\n<p class=\"hostinger-ai-title hostinger-index-1 hostinger-ai-font-bold has-dark-color has-text-color has-link-color has-medium-font-size wp-elements-cc93982c8e1176f7e0f3c942e71fe709\">Address<\/p>\n\n\n\n<p><\/p>\n\n\n\n<p class=\"has-medium-font-size\" style=\"margin-top:var(--wp--preset--spacing--20);margin-bottom:var(--wp--preset--spacing--40)\">Gottsk\u00e4rsv\u00e4gen 150C <\/p>\n\n\n\n<p class=\"has-medium-font-size\" style=\"margin-top:var(--wp--preset--spacing--20);margin-bottom:var(--wp--preset--spacing--40)\">439 94 Onsala<\/p>\n\n\n\n<p class=\"hostinger-ai-title hostinger-index-2 hostinger-ai-font-bold has-dark-color has-text-color has-link-color has-medium-font-size wp-elements-f53ff27704313c998b25ec2e5532d60f\">Telefon<\/p>\n\n\n\n<p><\/p>\n\n\n\n<p class=\"has-dark-color has-text-color has-link-color has-medium-font-size wp-elements-df608e5f32b2070d5bf15359f6d8538b\" style=\"margin-top:var(--wp--preset--spacing--20)\">0300 694 002<\/p>\n\n\n\n<p>Email<\/p>\n\n\n\n<p><a href=\"email: info@onsalakliniken.se\">info@onsalakliniken.se<\/a><\/p>\n<\/div>\n\n\n\n<div class=\"wp-block-column is-layout-flow wp-block-column-is-layout-flow\" style=\"flex-basis:66.66%\">\n<div class=\"wp-block-group alignfull hostinger-ai-fade-up is-layout-flow wp-block-group-is-layout-flow\" data-aos=\"fade-up\" data-aos=\"fade-up\" data-aos=\"fade-up\">\n<iframe src=\"https:\/\/www.google.com\/maps\/embed?pb=!1m18!1m12!1m3!1d4595.625615241972!2d12.011797144062784!3d57.39082342271182!2m3!1f0!2f0!3f0!3m2!1i1024!2i768!4f13.1!3m3!1m2!1s0x464fc345d508fc2f%3A0xa8b88133981ef9d7!2sOnsala%20Kliniken!5e0!3m2!1sen!2sse!4v1767019938627!5m2!1sen!2sse\" width=\"600\" height=\"450\" style=\"border:0;\" allowfullscreen=\"\" loading=\"lazy\" referrerpolicy=\"no-referrer-when-downgrade\"><\/iframe>\n<\/div>\n<\/div>\n<\/div>\n<\/div>\n<\/div>\n\n\n\n<div class=\"wp-block-group alignfull hostinger-ai-fade-up has-global-padding is-layout-constrained wp-block-group-is-layout-constrained\" data-aos=\"fade-up\">\n<div class=\"wp-block-group alignwide hostinger-ai-fade-up is-layout-grid wp-container-core-group-is-layout-3721f5f0 wp-block-group-is-layout-grid\" data-aos=\"fade-up\">\n<div class=\"wp-block-columns are-vertically-aligned-center is-layout-flex wp-container-core-columns-is-layout-28f84493 wp-block-columns-is-layout-flex\">\n<div class=\"wp-block-column is-vertically-aligned-center is-layout-flow wp-block-column-is-layout-flow\" style=\"flex-basis:100%\">\n<div class=\"wp-block-group hostinger-ai-fade-up has-global-padding is-layout-constrained wp-block-group-is-layout-constrained\" data-aos=\"fade-up\" data-aos=\"fade-up\" data-aos=\"fade-up\">\n<p><\/p>\n<\/div>\n<\/div>\n<\/div>\n<\/div>\n<\/div>\n\n\n\n<div class=\"wp-block-group alignfull hostinger-ai-solid-block hostinger-ai-fade-up has-color-1-background-color has-background has-global-padding is-layout-constrained wp-block-group-is-layout-constrained\" data-aos=\"fade-up\" style=\"padding-top:var(--wp--preset--spacing--60);padding-bottom:var(--wp--preset--spacing--60)\">\n<div class=\"wp-block-group alignwide hostinger-ai-fade-up is-vertical is-content-justification-center is-nowrap is-layout-flex wp-container-core-group-is-layout-4cc6ee0a wp-block-group-is-layout-flex\" data-aos=\"fade-up\" style=\"min-height:0px;padding-top:0;padding-bottom:0\">\n<div class=\"wp-block-group hostinger-ai-fade-up wp-container-content-69bc4bdf has-global-padding is-content-justification-center is-layout-constrained wp-container-core-group-is-layout-78267832 wp-block-group-is-layout-constrained\" data-aos=\"fade-up\">\n<h2 class=\"wp-block-heading has-text-align-center hostinger-ai-title has-dark-color has-text-color has-link-color has-x-large-font-size wp-elements-8645dac8b773dc05fe2b5b99590c4862\" style=\"margin-top:0;margin-right:0;margin-bottom:0;margin-left:0\">V\u00e4lkommen till Onsalakliniken<\/h2>\n\n\n\n<p class=\"has-text-align-center hostinger-ai-description has-dark-color has-text-color has-link-color has-medium-font-size wp-elements-9599aad92c3346166fb07f4edd2ab169\" style=\"margin-top:var(--wp--preset--spacing--20);margin-bottom:var(--wp--preset--spacing--50)\">Jenny Alexandersson, terapeut  med fokus p\u00e5 funktion,  nervsystem och l\u00e5ngsiktig h\u00e4lsa.<\/p>\n\n\n\n<div class=\"wp-block-buttons is-content-justification-center is-layout-flex wp-container-core-buttons-is-layout-a89b3969 wp-block-buttons-is-layout-flex\">\n<div class=\"wp-block-button hostinger-ai-cta-button\"><a class=\"wp-block-button__link has-dark-color has-contrast-background-color has-text-color has-background has-link-color has-border-color has-medium-font-size has-custom-font-size wp-element-button\" href=\"https:\/\/onsalakliniken.se\/opening-offer\/\" style=\"border-color:#0d141a;border-width:1px;border-radius:50px;padding-top:var(--wp--preset--spacing--30);padding-right:var(--wp--preset--spacing--70);padding-bottom:var(--wp--preset--spacing--30);padding-left:var(--wp--preset--spacing--70);box-shadow:none\">Boka tid<\/a><\/div>\n<\/div>\n<\/div>\n<\/div>\n<\/div>\n\n\n\n<p class=\"has-text-align-center\">Hittar du ingen tid som passar?  H\u00f6r g\u00e4rna av dig.<\/p>\n\n\n\n<p><\/p>\n","protected":false},"excerpt":{"rendered":"<p>Kontakt Du \u00e4r varmt v\u00e4lkommen att h\u00f6ra av dig om du har fr\u00e5gor eller vill boka tid. Jag svarar s\u00e5 fort jag kan. Address Gottsk\u00e4rsv\u00e4gen 150C 439 94 Onsala Telefon 0300 694 002 Email info@onsalakliniken.se V\u00e4lkommen till Onsalakliniken Jenny Alexandersson, terapeut med fokus p\u00e5 funktion, nervsystem och l\u00e5ngsiktig h\u00e4lsa. Hittar du ingen tid som passar? [&hellip;]<\/p>\n","protected":false},"author":1,"featured_media":0,"parent":0,"menu_order":0,"comment_status":"closed","ping_status":"closed","template":"","meta":{"footnotes":""},"class_list":["post-86","page","type-page","status-publish","hentry"],"_hostinger_reach_plugin_has_subscription_block":false,"_hostinger_reach_plugin_is_elementor":false,"_links":{"self":[{"href":"https:\/\/onsalakliniken.se\/en\/wp-json\/wp\/v2\/pages\/86","targetHints":{"allow":["GET"]}}],"collection":[{"href":"https:\/\/onsalakliniken.se\/en\/wp-json\/wp\/v2\/pages"}],"about":[{"href":"https:\/\/onsalakliniken.se\/en\/wp-json\/wp\/v2\/types\/page"}],"author":[{"embeddable":true,"href":"https:\/\/onsalakliniken.se\/en\/wp-json\/wp\/v2\/users\/1"}],"replies":[{"embeddable":true,"href":"https:\/\/onsalakliniken.se\/en\/wp-json\/wp\/v2\/comments?post=86"}],"version-history":[{"count":22,"href":"https:\/\/onsalakliniken.se\/en\/wp-json\/wp\/v2\/pages\/86\/revisions"}],"predecessor-version":[{"id":379,"href":"https:\/\/onsalakliniken.se\/en\/wp-json\/wp\/v2\/pages\/86\/revisions\/379"}],"wp:attachment":[{"href":"https:\/\/onsalakliniken.se\/en\/wp-json\/wp\/v2\/media?parent=86"}],"curies":[{"name":"wp","href":"https:\/\/api.w.org\/{rel}","templated":true}]}}