{"id":225,"date":"2026-01-04T13:30:38","date_gmt":"2026-01-04T12:30:38","guid":{"rendered":"https:\/\/onsalakliniken.se\/?page_id=225"},"modified":"2026-02-25T19:34:57","modified_gmt":"2026-02-25T18:34:57","slug":"opening-offer","status":"publish","type":"page","link":"https:\/\/onsalakliniken.se\/en\/opening-offer\/","title":{"rendered":"Boka"},"content":{"rendered":"\n<p><strong>Inledande konsultation + uppf\u00f6ljande genomg\u00e5ng (2 separata bes\u00f6k) 750 kr<\/strong><\/p>\n\n\n\n<p>Det h\u00e4r ing\u00e5r<\/p>\n\n\n\n<ul class=\"wp-block-list\">\n<li>Inledande samtal:  vi g\u00e5r igenom din h\u00e4lsohistoria,  vardag och vad som \u00e4r viktigt  f\u00f6r dig  fram\u00e5t<\/li>\n\n\n\n<li>Grundlig unders\u00f6kning: kiropraktisk, ortopedisk,  neurologisk unders\u00f6kning<\/li>\n\n\n\n<li> H\u00e5llnings analys med digitala bilder<\/li>\n\n\n\n<li>Uppf\u00f6ljande bes\u00f6k:  vi g\u00e5r igenom  resultaten och du f\u00e5r min professionella  rekommendation  f\u00f6r n\u00e4sta steg<\/li>\n<\/ul>\n\n\n\n<!-- Booking Widget -->\n<div id=\"ph_online_bookings_widget\"><\/div>\n\n<!-- Configuration Script -->\n<script>\n  window.BookingTrackerConfig = {\n    domain: \"onsalakliniken.neptune.practicehub.io\"\n  };\n\n  const phob_embed_version = Math.floor(Date.now()\/600000);\n  const phob_embed_script = document.createElement('script');\n  phob_embed_script.id = 'ph-embed';\n  phob_embed_script.setAttribute('data-ph-embed', '');\n  phob_embed_script.type = 'text\/javascript';\n  phob_embed_script.src = `https:\/\/onsalakliniken.neptune.practicehub.io\/assets\/js\/booking-form-embed.js?v=${phob_embed_version}`;\n  document.currentScript.parentNode.insertBefore(phob_embed_script, document.currentScript.nextSibling);\n<\/script>\n","protected":false},"excerpt":{"rendered":"<p>Inledande konsultation + uppf\u00f6ljande genomg\u00e5ng (2 separata bes\u00f6k) 750 kr Det h\u00e4r ing\u00e5r<\/p>\n","protected":false},"author":1,"featured_media":0,"parent":0,"menu_order":0,"comment_status":"closed","ping_status":"closed","template":"","meta":{"footnotes":""},"class_list":["post-225","page","type-page","status-publish","hentry"],"_hostinger_reach_plugin_has_subscription_block":false,"_hostinger_reach_plugin_is_elementor":false,"_links":{"self":[{"href":"https:\/\/onsalakliniken.se\/en\/wp-json\/wp\/v2\/pages\/225","targetHints":{"allow":["GET"]}}],"collection":[{"href":"https:\/\/onsalakliniken.se\/en\/wp-json\/wp\/v2\/pages"}],"about":[{"href":"https:\/\/onsalakliniken.se\/en\/wp-json\/wp\/v2\/types\/page"}],"author":[{"embeddable":true,"href":"https:\/\/onsalakliniken.se\/en\/wp-json\/wp\/v2\/users\/1"}],"replies":[{"embeddable":true,"href":"https:\/\/onsalakliniken.se\/en\/wp-json\/wp\/v2\/comments?post=225"}],"version-history":[{"count":20,"href":"https:\/\/onsalakliniken.se\/en\/wp-json\/wp\/v2\/pages\/225\/revisions"}],"predecessor-version":[{"id":420,"href":"https:\/\/onsalakliniken.se\/en\/wp-json\/wp\/v2\/pages\/225\/revisions\/420"}],"wp:attachment":[{"href":"https:\/\/onsalakliniken.se\/en\/wp-json\/wp\/v2\/media?parent=225"}],"curies":[{"name":"wp","href":"https:\/\/api.w.org\/{rel}","templated":true}]}}